{"id":13378,"date":"2024-10-25T10:25:58","date_gmt":"2024-10-25T07:52:13","guid":{"rendered":"https:\/\/www.tylo.lv\/?post_type=product&#038;p=13378\/"},"modified":"2026-04-25T22:16:15","modified_gmt":"2026-04-25T19:16:15","slug":"pult-upravleniya-elite-cloud","status":"publish","type":"product","link":"https:\/\/www.tylo.lv\/ru\/pult-upravleniya-elite-cloud\/","title":{"rendered":"\u041f\u0430\u043d\u0435\u043b\u044c \u0443\u043f\u0440\u0430\u0432\u043b\u0435\u043d\u0438\u044f Elite Cloud"},"content":{"rendered":"<p style=\"text-align: justify;\"><strong>Vad\u012bbas pults Elite Cloud<\/strong><\/p>\n<p style=\"text-align: justify;\">Elektroniskais vad\u012bbas panelis ar kapacitat\u012bvu 4,3 collu (pilna sk\u0101rienekr\u0101na) ekr\u0101nu. Ieteicam\u0101 uzst\u0101d\u012b\u0161ana ir \u0101rpus saunas\/tvaika istabas, bet ir iesp\u0113jams uzst\u0101d\u012bt ar\u012b saunas\/tvaika telpas iek\u0161pus\u0113. Maksim\u0101lais augstums, uzst\u0101dot pirts iek\u0161pus\u0113, ir 80cm un 30cm att\u0101lum\u0101 no kr\u0101sns. Vad\u012bbas panelim ir 5 metrus gar\u0161 kabelis. Elites apk\u0101rt\u0113j\u0101 temperat\u016bra nekad nedr\u012bkst p\u0101rsniegt 80\u00b0C.<\/p>\n<p style=\"text-align: justify;\"><span style=\"text-decoration: underline;\">Elite vad\u012bbas pane\u013ca funkcijas:<\/span><br \/>\nIesl\u0113gts\/Izsl\u0113gts, darb\u012bba ar samazin\u0101tu gaidst\u0101ves re\u017e\u012bmu<br \/>\nTemperat\u016bras\/saunas laika iestat\u012b\u0161ana + pirts mitrums kombin\u0113taj\u0101m ier\u012bc\u0113m<br \/>\nProgramm\u0113jot dienas programmas vai periodiskas ned\u0113\u013cas kalend\u0101ra programmas<br \/>\nIzveidojot iecien\u012bt\u0101k\u0101s programmas<br \/>\nKontrol\u0113t apgaismojumu<br \/>\nPapildu savienojumu kontrole (aux)<br \/>\nkontrol\u0113t Ifrared elementus<br \/>\nPIN blo\u0137\u0113\u0161ana, kas ne\u013cauj main\u012bt iestat\u012bjumus.<\/p>\n<p style=\"text-align: justify;\">Varat ar\u012b kontrol\u0113t savu iek\u0101rtu, izmantojot datora lietojumprogrammas vai Tyl\u00f6 mobilo lietotni (Wellaccess), kas ir pieejama gan iOS, gan Android ier\u012bc\u0113m. Elite var izmantot no jebkuras vietas, jo tas ir atjaunin\u0101ts ar m\u0101ko\u0146a funkcionalit\u0101ti.<\/p>\n<p style=\"text-align: justify;\">PIEZ\u012aME! Pirts kr\u0101sn\u012bm ES re\u0123ion\u0101 ir nepiecie\u0161ams durvju kontakts \u0101r\u0113jam sl\u0113dzim\/aizkav\u0113tam startam\/kalend\u0101ra funkcijai\/datoram\/mobilajai lietotnei.<br \/>\nElite atbalsta ar\u012b Tylarium (saunas sild\u012bt\u0101js + 1 tvaika \u0123enerators) vai multisteam (l\u012bdz 3 tvaika \u0123eneratoriem).<\/p>\n<p style=\"text-align: justify;\">Izm\u0113ri: 127 x 85 x 13 mm<\/p>\n<p><span style=\"text-decoration: underline;\"><strong><a href=\"https:\/\/cdn2.gung.io\/tylo\/pim-item\/72005040\/2900%205208%20Installation%20och%20quickstart-%207%20spr%C3%A5k%20med%20inneh%C3%A5llsf%C3%B6rteckning%20Tyl%C3%B6%20Cloud%202408.pdf\" target=\"_blank\" rel=\"noopener\">Instrukcija<\/a><\/strong><\/span><\/p>\n<div  class='avia-video av-n08dy1-15ea26e700f75478f776c139f753bad4 avia-video-16-9 av-no-preview-image avia-video-load-always av-lazyload-immediate av-lazyload-video-embed'  itemprop=\"video\" itemtype=\"https:\/\/schema.org\/VideoObject\"  data-original_url='https:\/\/www.youtube.com\/watch?v=Z3VM-Xx2BXI'><script type='text\/html' class='av-video-tmpl'><div class='avia-iframe-wrap'><iframe loading=\"lazy\" title=\"How to install and use Tyl\u00f6&#039;s Elite Control Panel\" width=\"1500\" height=\"844\" src=\"https:\/\/www.youtube.com\/embed\/Z3VM-Xx2BXI?feature=oembed&autoplay=0&loop=0&controls=1&mute=0\" frameborder=\"0\" allow=\"accelerometer; autoplay; clipboard-write; encrypted-media; gyroscope; picture-in-picture; web-share\" referrerpolicy=\"strict-origin-when-cross-origin\" allowfullscreen><\/iframe><\/div><\/script><div class='av-click-to-play-overlay'><div class=\"avia_playpause_icon\"><\/div><\/div><\/div>\n","protected":false},"excerpt":{"rendered":"<p>Vad\u012bbas pults Elite Cloud Elektroniskais vad\u012bbas panelis ar kapacitat\u012bvu 4,3 collu (pilna sk\u0101rienekr\u0101na) ekr\u0101nu. Ieteicam\u0101 uzst\u0101d\u012b\u0161ana ir \u0101rpus saunas\/tvaika istabas, bet ir iesp\u0113jams uzst\u0101d\u012bt ar\u012b saunas\/tvaika telpas iek\u0161pus\u0113. Maksim\u0101lais augstums, uzst\u0101dot pirts iek\u0161pus\u0113, ir 80cm un 30cm att\u0101lum\u0101 no kr\u0101sns. Vad\u012bbas panelim ir 5 metrus gar\u0161 kabelis. Elites apk\u0101rt\u0113j\u0101 temperat\u016bra nekad nedr\u012bkst p\u0101rsniegt 80\u00b0C. Elite [&hellip;]<\/p>\n","protected":false},"featured_media":13600,"template":"","meta":[],"product_brand":[],"product_cat":[110,320],"product_tag":[],"class_list":{"0":"post-13378","1":"product","2":"type-product","3":"status-publish","4":"has-post-thumbnail","6":"product_cat-parogeneratory","7":"product_cat-sistemy-upravleniya","9":"first","10":"instock","11":"taxable","12":"shipping-taxable","13":"purchasable","14":"product-type-simple"},"_links":{"self":[{"href":"https:\/\/www.tylo.lv\/ru\/wp-json\/wp\/v2\/product\/13378","targetHints":{"allow":["GET"]}}],"collection":[{"href":"https:\/\/www.tylo.lv\/ru\/wp-json\/wp\/v2\/product"}],"about":[{"href":"https:\/\/www.tylo.lv\/ru\/wp-json\/wp\/v2\/types\/product"}],"wp:featuredmedia":[{"embeddable":true,"href":"https:\/\/www.tylo.lv\/ru\/wp-json\/wp\/v2\/media\/13600"}],"wp:attachment":[{"href":"https:\/\/www.tylo.lv\/ru\/wp-json\/wp\/v2\/media?parent=13378"}],"wp:term":[{"taxonomy":"product_brand","embeddable":true,"href":"https:\/\/www.tylo.lv\/ru\/wp-json\/wp\/v2\/product_brand?post=13378"},{"taxonomy":"product_cat","embeddable":true,"href":"https:\/\/www.tylo.lv\/ru\/wp-json\/wp\/v2\/product_cat?post=13378"},{"taxonomy":"product_tag","embeddable":true,"href":"https:\/\/www.tylo.lv\/ru\/wp-json\/wp\/v2\/product_tag?post=13378"}],"curies":[{"name":"wp","href":"https:\/\/api.w.org\/{rel}","templated":true}]}}