{"id":11503,"date":"2023-04-12T12:32:32","date_gmt":"2023-04-12T13:56:01","guid":{"rendered":"https:\/\/www.tylo.lv\/?post_type=product&#038;p=11503\/"},"modified":"2026-04-26T14:42:54","modified_gmt":"2026-04-26T11:42:54","slug":"sauna-kabina-harmony-double-glass-corner","status":"publish","type":"product","link":"https:\/\/www.tylo.lv\/ru\/sauna-kabina-harmony-double-glass-corner\/","title":{"rendered":"\u0421\u0430\u0443\u043d\u0430 \u043a\u0430\u0431\u0438\u043d\u0430 Harmony Double Glass Corner"},"content":{"rendered":"<p><strong>Tylo Harmony Double Glass Corner <\/strong>&#8212; saunas kab\u012bne ar divu st\u016bru stikla fas\u0101di.<\/p>\n<p>Tylo Harmony ir ide\u0101ls risin\u0101jums j\u016bsu m\u0101jas saunai. Kab\u012bne tiek pieg\u0101d\u0101ta izjauktos modu\u013cos un viegli saliekama, kas pal\u012bdz samazin\u0101t izmaksas l\u012bdz minimumam. Harmony pane\u013ci tiek ra\u017eoti div\u0101s versij\u0101s: Harmony Horizontal un Harmony Vertical, tas nozim\u0113 k\u0101, pane\u013ci tiek likti attiec\u012bgi horizont\u0101li un vertik\u0101li. Abas versijas ir pieejamas no egles, apses vai termiski apstr\u0101d\u0101tas apses koka. Harmony pane\u013ci ir izgatavoti, izmantojot siltumizol\u0101ciju, kas nodro\u0161ina \u0101tru uzsil\u0161anu, lielisku siltuma saglab\u0101\u0161anu un izcilas ener\u0123ijas taup\u012b\u0161anas \u012bpa\u0161\u012bbas. Visi mode\u013ci ir piel\u0101goti liel\u0101kai da\u013cai pied\u0101v\u0101to telpu planojumu variantiem.<\/p>\n<p>Pieejamie materi\u0101li: Egle, Apse, Termo apse, Termo melnalksnis (tikai l\u0101vas un atzveltnes).<\/p>\n<p>Izm\u0113ri ir elast\u012bgi no 1159&#215;1159 mm H2073mm l\u012bdz 5929x6951mm H2466 mm.<br \/>\nIzm\u0113ru solis uz katru pusi ~8 cm<\/p>\n<p>Sild\u012bt\u0101ja jauda no 4,5 kW l\u012bdz 50 kW<\/p>\n<p>Kab\u012bnes izgatavo\u0161anas laiks 6-8 ned\u0113\u013cas<\/p>\n<p><strong><a href=\"https:\/\/cdn2.hubspot.net\/hubfs\/379485\/Tyl%C3%B6Helo%20downloads%20(product%20data)\/Tyl%C3%B6%20manuals\/2900%204706%20Sauna%20Harmony%20GC%20installation%20guide.pdf\" target=\"_blank\" rel=\"noopener\">Instrukcija<\/a><\/strong><\/p>\n<p>Harmony kab\u012bn\u0113m ir pieejams <a href=\"https:\/\/3dconfigurator.tylohelo.com\/configurator\" target=\"_blank\" rel=\"noopener\"><strong>3D konfigurators<\/strong><\/a><\/p>\n<form action=\"https:\/\/www.tylo.lv\/ru\/sauna-kabina-harmony-double-glass-corner\/\" method=\"post\"  class=\"avia_ajax_form av-form-labels-hidden   avia-builder-el-0  avia-builder-el-no-sibling   \" data-avia-form-id=\"1\" data-avia-redirect='' ><h5 class=''>L\u016bdzu, sazinieties ar mums, lai apr\u0113\u0137in\u0101t pirts kab\u012bnes izmaksas<\/h5><fieldset><p class='  first_form  form_element form_fullwidth' id='element_avia_1_1'><label for=\"avia_1_1\">J\u016bsu e-pasts <abbr class=\"required\" title=\"\u0442\u0440\u0435\u0431\u0443\u0435\u0442\u0441\u044f\">*<\/abbr><\/label> <input name=\"avia_1_1\" class=\"text_input is_email\" type=\"text\" id=\"avia_1_1\" value=\"\"  placeholder='J\u016bsu e-pasts*'\/><\/p><p class='  first_form  form_element form_fullwidth av-last-visible-form-element' id='element_avia_2_1'><label for=\"avia_2_1\" class=\"textare_label hidden textare_label_avia_2_1\">J\u016bsu zi\u0146ojums <abbr class=\"required\" title=\"\u0442\u0440\u0435\u0431\u0443\u0435\u0442\u0441\u044f\">*<\/abbr><\/label><textarea  placeholder='J\u016bsu zi\u0146ojums*' name=\"avia_2_1\" class=\"text_area is_empty\" cols=\"40\" rows=\"7\" id=\"avia_2_1\" ><\/textarea><\/p><p class=\"hidden\"><input type=\"text\" name=\"avia_3_1\" class=\"hidden \" id=\"avia_3_1\" value=\"\" \/><\/p><p class=\"form_element \"><input type=\"hidden\" value=\"1\" name=\"avia_generated_form1\" \/><input type=\"submit\" value=\"Nos\u016btit\" class=\"button\"  data-sending-label=\"\u041e\u0442\u043f\u0440\u0430\u0432\u043a\u0430\"\/><\/p><\/fieldset><\/form><div id=\"ajaxresponse_1\" class=\"ajaxresponse ajaxresponse_1 hidden\"><\/div>\n","protected":false},"excerpt":{"rendered":"<p>Tylo Harmony Double Glass Corner &#8212; saunas kab\u012bne ar divu st\u016bru stikla fas\u0101di. Tylo Harmony ir ide\u0101ls risin\u0101jums j\u016bsu m\u0101jas saunai. Kab\u012bne tiek pieg\u0101d\u0101ta izjauktos modu\u013cos un viegli saliekama, kas pal\u012bdz samazin\u0101t izmaksas l\u012bdz minimumam. Harmony pane\u013ci tiek ra\u017eoti div\u0101s versij\u0101s: Harmony Horizontal un Harmony Vertical, tas nozim\u0113 k\u0101, pane\u013ci tiek likti attiec\u012bgi horizont\u0101li un [&hellip;]<\/p>\n","protected":false},"featured_media":11444,"template":"","meta":[],"product_brand":[],"product_cat":[310],"product_tag":[],"class_list":{"0":"post-11503","1":"product","2":"type-product","3":"status-publish","4":"has-post-thumbnail","6":"product_cat-sauna-kabiny-harmony","8":"first","9":"instock","10":"taxable","11":"shipping-taxable","12":"product-type-simple"},"_links":{"self":[{"href":"https:\/\/www.tylo.lv\/ru\/wp-json\/wp\/v2\/product\/11503","targetHints":{"allow":["GET"]}}],"collection":[{"href":"https:\/\/www.tylo.lv\/ru\/wp-json\/wp\/v2\/product"}],"about":[{"href":"https:\/\/www.tylo.lv\/ru\/wp-json\/wp\/v2\/types\/product"}],"wp:featuredmedia":[{"embeddable":true,"href":"https:\/\/www.tylo.lv\/ru\/wp-json\/wp\/v2\/media\/11444"}],"wp:attachment":[{"href":"https:\/\/www.tylo.lv\/ru\/wp-json\/wp\/v2\/media?parent=11503"}],"wp:term":[{"taxonomy":"product_brand","embeddable":true,"href":"https:\/\/www.tylo.lv\/ru\/wp-json\/wp\/v2\/product_brand?post=11503"},{"taxonomy":"product_cat","embeddable":true,"href":"https:\/\/www.tylo.lv\/ru\/wp-json\/wp\/v2\/product_cat?post=11503"},{"taxonomy":"product_tag","embeddable":true,"href":"https:\/\/www.tylo.lv\/ru\/wp-json\/wp\/v2\/product_tag?post=11503"}],"curies":[{"name":"wp","href":"https:\/\/api.w.org\/{rel}","templated":true}]}}