{"id":10773,"date":"2023-03-28T12:11:13","date_gmt":"2023-03-28T09:11:13","guid":{"rendered":"https:\/\/www.tylo.lv\/?post_type=product&#038;p=10773\/"},"modified":"2026-04-26T16:17:33","modified_gmt":"2026-04-26T13:17:33","slug":"kabina-twin-panacea-1717","status":"publish","type":"product","link":"https:\/\/www.tylo.lv\/ru\/kabina-twin-panacea-1717\/","title":{"rendered":"\u041a\u0430\u0431\u0438\u043da TWIN PANACEA 1717"},"content":{"rendered":"<p><strong><span data-mce-type=\"bookmark\" style=\"display: inline-block; width: 0px; overflow: hidden; line-height: 0;\" class=\"mce_SELRES_start\">\ufeff<\/span>Saunas un Tvaika pirts kab\u012bne Tylo TWIN PANACEA 1717<\/strong><\/p>\n<p>Panacea Twin ir tvaika pirts un sauna ekskluz\u012bv\u0101 dizain\u0101, kas piem\u0113rota liel\u0101kajai da\u013cai telpu. Kab\u012bni ir viegli salikt un uzst\u0101d\u012bt.<\/p>\n<p>Tvaika pirts kab\u012bnes sienas ir izgatavotas no dro\u0161a r\u016bd\u012bta stikla, un profili ir stil\u012bgi nokr\u0101soti meln\u0101 kr\u0101s\u0101. Izol\u0113tas jumta da\u013cas, kas nov\u0113r\u0161 kondens\u0101ta pil\u0113\u0161anu un samazina uzsildes laiku. \u012apa\u0161i izstr\u0101d\u0101ts vieglai t\u012br\u012b\u0161anai gr\u012bdas r\u0101mis. Tvaika sprausla nodro\u0161ina vienm\u0113r\u012bgu tvaika izsmidzin\u0101\u0161anu un tai ir \u013coti zems trok\u0161\u0146a l\u012bmenis. Sekcija ar mot\u012bvu un RGB apgaismojumu uzlabo tvaika pirts pieredzi.<\/p>\n<p>Komplekt\u0101:<br \/>\nCorian l\u0101va 1545mm<br \/>\nTvaika \u0123enerators Steam Home 3\/6\/9 kW<br \/>\nTvaika sprausla Bahia PRO<br \/>\nVad\u012bbas panelis Elite<br \/>\nAutom\u0101tiskais arom\u0101tu s\u016bknis<br \/>\nArom\u0101ts Lavanda 5 Litri<\/p>\n<p>Saunas kab\u012bne ir tikpat augstas kvalit\u0101tes k\u0101 visas m\u016bsu Harmony kab\u012bnes un ir apvienota ar tvaika pirti ar unik\u0101lu Panacea fas\u0101di. Sienas ap\u0161\u016btas ar apsi, l\u0101vas, cokols un atzveltnes no termoalk\u0161\u0146a.<\/p>\n<p>Komplekt\u0101:<br \/>\nSild\u012btajs Sense Commercial 8kW<br \/>\nReleju bloks RB Commercial Lite<br \/>\nVad\u012bbas panelis Elite<br \/>\nAkme\u0146i 20kg.<br \/>\nApgaismojums LED 2x500mm aiz muguras<br \/>\nL\u0101va Classic 446x1556mm no termoalk\u0161\u0146a<br \/>\nL\u0101va Classic 598x1556mm no termoalk\u0161\u0146a<br \/>\nCokols 1556mm no termoalk\u0161\u0146a<br \/>\nAtzveltne Classic Flat 1466mm no termoalk\u0161\u0146a<\/p>\n<p>Izm\u0113ri PxDxA \u2013 3454x1725x2090 mm<\/p>\n<p><strong><a href=\"https:\/\/f.hubspotusercontent30.net\/hubfs\/379485\/TYLOHELO\/Images\/Products\/Sauna%20Room\/Panacea%20Twin\/2900%202700%20Panacea%20Twin.pdf\" target=\"_blank\" rel=\"noopener\">Instrukcija<\/a><\/strong><br \/>\n<form action=\"https:\/\/www.tylo.lv\/ru\/kabina-twin-panacea-1717\/\" method=\"post\"  class=\"avia_ajax_form av-form-labels-hidden   avia-builder-el-0  avia-builder-el-no-sibling   \" data-avia-form-id=\"1\" data-avia-redirect='' ><h5 class=''>L\u016bdzu, sazinieties ar mums, lai apr\u0113\u0137in\u0101t pirts kab\u012bnes izmaksas<\/h5><fieldset><p class='  first_form  form_element form_fullwidth' id='element_avia_1_1'><label for=\"avia_1_1\">J\u016bsu e-pasts <abbr class=\"required\" title=\"\u0442\u0440\u0435\u0431\u0443\u0435\u0442\u0441\u044f\">*<\/abbr><\/label> <input name=\"avia_1_1\" class=\"text_input is_email\" type=\"text\" id=\"avia_1_1\" value=\"\"  placeholder='J\u016bsu e-pasts*'\/><\/p><p class='  first_form  form_element form_fullwidth av-last-visible-form-element' id='element_avia_2_1'><label for=\"avia_2_1\" class=\"textare_label hidden textare_label_avia_2_1\">J\u016bsu zi\u0146ojums <abbr class=\"required\" title=\"\u0442\u0440\u0435\u0431\u0443\u0435\u0442\u0441\u044f\">*<\/abbr><\/label><textarea  placeholder='J\u016bsu zi\u0146ojums*' name=\"avia_2_1\" class=\"text_area is_empty\" cols=\"40\" rows=\"7\" id=\"avia_2_1\" ><\/textarea><\/p><p class=\"hidden\"><input type=\"text\" name=\"avia_3_1\" class=\"hidden \" id=\"avia_3_1\" value=\"\" \/><\/p><p class=\"form_element \"><input type=\"hidden\" value=\"1\" name=\"avia_generated_form1\" \/><input type=\"submit\" value=\"Nos\u016btit\" class=\"button\"  data-sending-label=\"\u041e\u0442\u043f\u0440\u0430\u0432\u043a\u0430\"\/><\/p><\/fieldset><\/form><div id=\"ajaxresponse_1\" class=\"ajaxresponse ajaxresponse_1 hidden\"><\/div><\/p>\n","protected":false},"excerpt":{"rendered":"<p>\ufeffSaunas un Tvaika pirts kab\u012bne Tylo TWIN PANACEA 1717 Panacea Twin ir tvaika pirts un sauna ekskluz\u012bv\u0101 dizain\u0101, kas piem\u0113rota liel\u0101kajai da\u013cai telpu. Kab\u012bni ir viegli salikt un uzst\u0101d\u012bt. Tvaika pirts kab\u012bnes sienas ir izgatavotas no dro\u0161a r\u016bd\u012bta stikla, un profili ir stil\u012bgi nokr\u0101soti meln\u0101 kr\u0101s\u0101. Izol\u0113tas jumta da\u013cas, kas nov\u0113r\u0161 kondens\u0101ta pil\u0113\u0161anu un samazina [&hellip;]<\/p>\n","protected":false},"featured_media":10774,"template":"","meta":[],"product_brand":[],"product_cat":[305,304],"product_tag":[],"class_list":{"0":"post-10773","1":"product","2":"type-product","3":"status-publish","4":"has-post-thumbnail","6":"product_cat-pirts-kabines-panacea-twin","7":"product_cat-kabiny-panacea-twin","9":"first","10":"instock","11":"taxable","12":"shipping-taxable","13":"product-type-simple"},"_links":{"self":[{"href":"https:\/\/www.tylo.lv\/ru\/wp-json\/wp\/v2\/product\/10773","targetHints":{"allow":["GET"]}}],"collection":[{"href":"https:\/\/www.tylo.lv\/ru\/wp-json\/wp\/v2\/product"}],"about":[{"href":"https:\/\/www.tylo.lv\/ru\/wp-json\/wp\/v2\/types\/product"}],"wp:featuredmedia":[{"embeddable":true,"href":"https:\/\/www.tylo.lv\/ru\/wp-json\/wp\/v2\/media\/10774"}],"wp:attachment":[{"href":"https:\/\/www.tylo.lv\/ru\/wp-json\/wp\/v2\/media?parent=10773"}],"wp:term":[{"taxonomy":"product_brand","embeddable":true,"href":"https:\/\/www.tylo.lv\/ru\/wp-json\/wp\/v2\/product_brand?post=10773"},{"taxonomy":"product_cat","embeddable":true,"href":"https:\/\/www.tylo.lv\/ru\/wp-json\/wp\/v2\/product_cat?post=10773"},{"taxonomy":"product_tag","embeddable":true,"href":"https:\/\/www.tylo.lv\/ru\/wp-json\/wp\/v2\/product_tag?post=10773"}],"curies":[{"name":"wp","href":"https:\/\/api.w.org\/{rel}","templated":true}]}}