{"id":8047,"date":"2023-02-15T00:41:26","date_gmt":"2023-02-14T22:41:26","guid":{"rendered":"https:\/\/www.tylo.lv\/par-mums\/"},"modified":"2026-04-26T13:46:05","modified_gmt":"2026-04-26T10:46:05","slug":"o-nas","status":"publish","type":"page","link":"https:\/\/www.tylo.lv\/ru\/o-nas\/","title":{"rendered":"\u041e \u043d\u0430\u0441"},"content":{"rendered":"\n<style type=\"text\/css\" data-created_by=\"avia_inline_auto\" id=\"style-css-av-idgbum-4b07aff1816ef98966f486fe03889dd9\">\n.avia-section.av-idgbum-4b07aff1816ef98966f486fe03889dd9{\nbackground-repeat:no-repeat;\nbackground-image:url(https:\/\/www.tylo.lv\/wp-content\/uploads\/2017\/06\/I1915c-03.jpg);\nbackground-position:50% 50%;\nbackground-attachment:fixed;\n}\n<\/style>\n<div id='av_section_1'  class='avia-section av-idgbum-4b07aff1816ef98966f486fe03889dd9 main_color avia-section-default avia-no-shadow  avia-builder-el-0  el_before_av_section  avia-builder-el-first  avia-full-stretch avia-bg-style-fixed av-minimum-height av-minimum-height-25  container_wrap fullsize'  data-section-bg-repeat='stretch' data-av_minimum_height_pc='25'><div class='container av-section-cont-open' ><main  role=\"main\" itemprop=\"mainContentOfPage\"  class='template-page content  av-content-full alpha units'><div class='post-entry post-entry-type-page post-entry-8047'><div class='entry-content-wrapper clearfix'>\n\n<style type=\"text\/css\" data-created_by=\"avia_inline_auto\" id=\"style-css-av-hvae6m-cddf24d4c5269a9c2659bc3d4ea9d0ee\">\n#top .av-special-heading.av-hvae6m-cddf24d4c5269a9c2659bc3d4ea9d0ee{\npadding-bottom:10px;\ncolor:#ffffff;\n}\nbody .av-special-heading.av-hvae6m-cddf24d4c5269a9c2659bc3d4ea9d0ee .av-special-heading-tag .heading-char{\nfont-size:25px;\n}\n.av-special-heading.av-hvae6m-cddf24d4c5269a9c2659bc3d4ea9d0ee .special-heading-inner-border{\nborder-color:#ffffff;\n}\n.av-special-heading.av-hvae6m-cddf24d4c5269a9c2659bc3d4ea9d0ee .av-subheading{\nfont-size:15px;\n}\n<\/style>\n<div  class='av-special-heading av-hvae6m-cddf24d4c5269a9c2659bc3d4ea9d0ee av-special-heading-h1 custom-color-heading blockquote modern-quote modern-centered  avia-builder-el-1  avia-builder-el-no-sibling '><h1 class='av-special-heading-tag'  itemprop=\"headline\"  >Par mums<\/h1><div class=\"special-heading-border\"><div class=\"special-heading-inner-border\"><\/div><\/div><\/div>\n\n<\/div><\/div><\/main><!-- close content main element --><\/div><\/div><div id='av_section_2'  class='avia-section av-fihu7i-571e3e5bbc6b16981cfa0a1fdc4ab74c main_color avia-section-default avia-no-shadow  avia-builder-el-2  el_after_av_section  el_before_av_section  avia-bg-style-scroll container_wrap fullsize'  ><div class='container av-section-cont-open' ><div class='template-page content  av-content-full alpha units'><div class='post-entry post-entry-type-page post-entry-8047'><div class='entry-content-wrapper clearfix'>\n<div class='flex_column_table av-e24rjy-fedf262d660b51e6b5be9a7d18527cff sc-av_one_half av-equal-height-column-flextable'>\n<style type=\"text\/css\" data-created_by=\"avia_inline_auto\" id=\"style-css-av-e24rjy-fedf262d660b51e6b5be9a7d18527cff\">\n.flex_column.av-e24rjy-fedf262d660b51e6b5be9a7d18527cff{\n-webkit-border-radius:0px 0px 0px 0px;\n-moz-border-radius:0px 0px 0px 0px;\nborder-radius:0px 0px 0px 0px;\npadding:0px 0px 0px 0px;\n}\n<\/style>\n<div class='flex_column av-e24rjy-fedf262d660b51e6b5be9a7d18527cff av_one_half  avia-builder-el-3  el_before_av_one_half  avia-builder-el-first  first flex_column_table_cell av-equal-height-column av-align-middle av-zero-column-padding '     ><section  class='av_textblock_section av-c080im-804273897189416e0acf224a63f1a054'  itemscope=\"itemscope\" itemtype=\"https:\/\/schema.org\/CreativeWork\" ><div class='avia_textblock'  itemprop=\"text\" ><p>M\u016bsu uz\u0146\u0113mums <strong>Bauline SIA<\/strong> pied\u0101v\u0101 visu veidu pirts, peldbaseinu, s\u0101ls istabu, sniega telpu, SPA kompleksu, atp\u016btas kompleksu projekt\u0113\u0161anas un b\u016bvniec\u012bbas pakalpojumus. T\u0101pat ar\u012b relaks\u0101cijas telpu, mas\u0101\u017eas un vesel\u012bbas kabinetu, sol\u0101riju u.c. projekt\u0113\u0161anas un apr\u012bko\u0161anas pakalpojumi.<\/p>\n<p>M\u0113s izmantojam jaun\u0101kos sasniegumus \u0161aj\u0101 b\u016bvniec\u012bbas jom\u0101, pamatojoties uz p\u0101rbaud\u012bt\u0101m tehnolo\u0123ij\u0101m un kvalitat\u012bvu, gadu gait\u0101 p\u0101rbaud\u012btu apr\u012bkojumu no paz\u012bstamiem ra\u017eot\u0101jiem, piem\u0113ram: TYLO, KASTOR, EOS, HELO, WEDI, WDT, PROCONEALTH, Cariitti, PAHLEN un citi.<\/p>\n<p>Nodro\u0161in\u0101m garantijas un p\u0113cgarantijas servisu. Mums ir milz\u012bga, daudzu gadu pieredze Latvijas un Eiropas tirg\u016b.<\/p>\n<p>M\u016bsu <a href=\"https:\/\/www.tylo.lv\/ru\/produktsiya\/\"><strong>Portfel\u012b<\/strong> <\/a>ir daudz pabeigtu projektu gan priv\u0101tai, gan komerci\u0101lai lieto\u0161anai.<\/p>\n<\/div><\/section><\/div><div class='av-flex-placeholder'><\/div>\n<style type=\"text\/css\" data-created_by=\"avia_inline_auto\" id=\"style-css-av-b5az2m-62d81679f3a382882656995362c59987\">\n.flex_column.av-b5az2m-62d81679f3a382882656995362c59987{\n-webkit-border-radius:0px 0px 0px 0px;\n-moz-border-radius:0px 0px 0px 0px;\nborder-radius:0px 0px 0px 0px;\npadding:0px 0px 0px 0px;\n}\n<\/style>\n<div class='flex_column av-b5az2m-62d81679f3a382882656995362c59987 av_one_half  avia-builder-el-5  el_after_av_one_half  avia-builder-el-last  flex_column_table_cell av-equal-height-column av-align-middle av-zero-column-padding '     ><style type=\"text\/css\" data-created_by=\"avia_inline_auto\" id=\"style-css-av-leprumb9-22169e07fe9afc698458ef4cc5a78dd7\">\n.avia-image-container.av-leprumb9-22169e07fe9afc698458ef4cc5a78dd7 img.avia_image{\nbox-shadow:none;\n}\n.avia-image-container.av-leprumb9-22169e07fe9afc698458ef4cc5a78dd7 .av-image-caption-overlay-center{\ncolor:#ffffff;\n}\n<\/style>\n<div  class='avia-image-container av-leprumb9-22169e07fe9afc698458ef4cc5a78dd7 av-styling- avia-align-center  avia-builder-el-6  avia-builder-el-no-sibling '   itemprop=\"image\" itemscope=\"itemscope\" itemtype=\"https:\/\/schema.org\/ImageObject\" ><div class=\"avia-image-container-inner\"><div class=\"avia-image-overlay-wrap\"><img decoding=\"async\" class='wp-image-1677 avia-img-lazy-loading-not-1677 avia_image ' src=\"https:\/\/www.tylo.lv\/wp-content\/uploads\/2017\/05\/project.jpg\" alt='' title='project'  height=\"272\" width=\"300\"  itemprop=\"thumbnailUrl\"  \/><\/div><\/div><\/div><\/div><\/div><!--close column table wrapper. Autoclose: 1 -->\n\n<\/div><\/div><\/div><!-- close content main div --><\/div><\/div><div id='av_section_3'  class='avia-section av-9tsspq-6ca2e67e765f333d90d8c3483acec62a main_color avia-section-default avia-no-shadow  avia-builder-el-7  el_after_av_section  avia-builder-el-last  avia-bg-style-scroll container_wrap fullsize'  ><div class='container av-section-cont-open' ><div class='template-page content  av-content-full alpha units'><div class='post-entry post-entry-type-page post-entry-8047'><div class='entry-content-wrapper clearfix'>\n<div class='flex_column_table av-78t3qm-1809e1e8228ac5c480cf4189a0ca7eac sc-av_one_half av-equal-height-column-flextable'>\n<style type=\"text\/css\" data-created_by=\"avia_inline_auto\" id=\"style-css-av-78t3qm-1809e1e8228ac5c480cf4189a0ca7eac\">\n.flex_column.av-78t3qm-1809e1e8228ac5c480cf4189a0ca7eac{\n-webkit-border-radius:0px 0px 0px 0px;\n-moz-border-radius:0px 0px 0px 0px;\nborder-radius:0px 0px 0px 0px;\npadding:0px 0px 0px 0px;\n}\n<\/style>\n<div class='flex_column av-78t3qm-1809e1e8228ac5c480cf4189a0ca7eac av_one_half  avia-builder-el-8  el_before_av_one_half  avia-builder-el-first  first flex_column_table_cell av-equal-height-column av-align-middle av-zero-column-padding '     ><section  class='av_textblock_section av-5iadi6-8f66394d681d1ca498c69932e03c6497'  itemscope=\"itemscope\" itemtype=\"https:\/\/schema.org\/CreativeWork\" ><div class='avia_textblock'  itemprop=\"text\" ><p>M\u016bsu Salons-veikals, kas atrodas Br\u012bv\u012bbas gatve 211, R\u012bg\u0101, ir viens no liel\u0101kajiem specializ\u0113tajiem veikaliem Latvij\u0101, kur var ieg\u0101d\u0101ties pirti, baseinu, apr\u012bkojumu SPA kompleksam, k\u0101 ar\u012b visa veida aksesu\u0101rus.<br \/>\nPie mums j\u016bs varat sa\u0146emt augsti kvalific\u0113tu speci\u0101listu padomu.<\/p>\n<\/div><\/section><\/div><div class='av-flex-placeholder'><\/div>\n<style type=\"text\/css\" data-created_by=\"avia_inline_auto\" id=\"style-css-av-4y5htq-5f97e409ae7cb665a48e22306dcaae59\">\n.flex_column.av-4y5htq-5f97e409ae7cb665a48e22306dcaae59{\n-webkit-border-radius:0px 0px 0px 0px;\n-moz-border-radius:0px 0px 0px 0px;\nborder-radius:0px 0px 0px 0px;\npadding:0px 0px 0px 0px;\n}\n<\/style>\n<div class='flex_column av-4y5htq-5f97e409ae7cb665a48e22306dcaae59 av_one_half  avia-builder-el-10  el_after_av_one_half  avia-builder-el-last  flex_column_table_cell av-equal-height-column av-align-middle av-zero-column-padding '     ><style type=\"text\/css\" data-created_by=\"avia_inline_auto\" id=\"style-css-av-2hner2-6ca3b1e713c9730667232bd00448b739\">\n.avia-image-container.av-2hner2-6ca3b1e713c9730667232bd00448b739 img.avia_image{\nbox-shadow:none;\n}\n.avia-image-container.av-2hner2-6ca3b1e713c9730667232bd00448b739 .av-image-caption-overlay-center{\ncolor:#ffffff;\n}\n<\/style>\n<div  class='avia-image-container av-2hner2-6ca3b1e713c9730667232bd00448b739 av-styling- avia-align-center  avia-builder-el-11  avia-builder-el-no-sibling '   itemprop=\"image\" itemscope=\"itemscope\" itemtype=\"https:\/\/schema.org\/ImageObject\" ><div class=\"avia-image-container-inner\"><div class=\"avia-image-overlay-wrap\"><img decoding=\"async\" class='wp-image-2015 avia-img-lazy-loading-not-2015 avia_image ' src=\"https:\/\/www.tylo.lv\/wp-content\/uploads\/2015\/07\/salon.jpg\" alt='' title='salon'  height=\"168\" width=\"300\"  itemprop=\"thumbnailUrl\" srcset=\"https:\/\/www.tylo.lv\/wp-content\/uploads\/2015\/07\/salon.jpg 847w, https:\/\/www.tylo.lv\/wp-content\/uploads\/2015\/07\/salon-450x252.jpg 450w\" sizes=\"(max-width: 300px) 100vw, 300px\" \/><\/div><\/div><\/div><\/div><\/div><!--close column table wrapper. Autoclose: 1 -->\n\n","protected":false},"excerpt":{"rendered":"","protected":false},"author":3,"featured_media":0,"parent":0,"menu_order":1,"comment_status":"closed","ping_status":"closed","template":"","meta":{"footnotes":""},"class_list":["post-8047","page","type-page","status-publish","hentry"],"_links":{"self":[{"href":"https:\/\/www.tylo.lv\/ru\/wp-json\/wp\/v2\/pages\/8047","targetHints":{"allow":["GET"]}}],"collection":[{"href":"https:\/\/www.tylo.lv\/ru\/wp-json\/wp\/v2\/pages"}],"about":[{"href":"https:\/\/www.tylo.lv\/ru\/wp-json\/wp\/v2\/types\/page"}],"author":[{"embeddable":true,"href":"https:\/\/www.tylo.lv\/ru\/wp-json\/wp\/v2\/users\/3"}],"replies":[{"embeddable":true,"href":"https:\/\/www.tylo.lv\/ru\/wp-json\/wp\/v2\/comments?post=8047"}],"version-history":[{"count":0,"href":"https:\/\/www.tylo.lv\/ru\/wp-json\/wp\/v2\/pages\/8047\/revisions"}],"wp:attachment":[{"href":"https:\/\/www.tylo.lv\/ru\/wp-json\/wp\/v2\/media?parent=8047"}],"curies":[{"name":"wp","href":"https:\/\/api.w.org\/{rel}","templated":true}]}}