{"id":1046,"date":"2017-05-10T22:32:13","date_gmt":"2017-05-10T19:32:13","guid":{"rendered":"http:\/\/saumix.lv\/?page_id=1046"},"modified":"2025-08-29T15:06:04","modified_gmt":"2025-08-29T12:06:04","slug":"servis","status":"publish","type":"page","link":"https:\/\/www.tylo.lv\/ru\/servis\/","title":{"rendered":"\u0422\u0435\u0445\u043d\u0438\u0447\u0435\u0441\u043a\u0430\u044f \u043f\u043e\u0434\u0434\u0435\u0440\u0436\u043a\u0430"},"content":{"rendered":"\n<style type=\"text\/css\" data-created_by=\"avia_inline_auto\" id=\"style-css-av-5q5kqe-33eb0f50ec42836776205d1a7bee9169\">\n.avia-section.av-5q5kqe-33eb0f50ec42836776205d1a7bee9169{\nbackground-repeat:no-repeat;\nbackground-image:url(https:\/\/www.tylo.lv\/wp-content\/uploads\/2025\/08\/servlogo2.jpg);\nbackground-position:50% 0%;\nbackground-attachment:scroll;\n}\n<\/style>\n<div id='av_section_1'  class='avia-section av-5q5kqe-33eb0f50ec42836776205d1a7bee9169 main_color avia-section-default avia-no-shadow  avia-builder-el-0  el_before_av_textblock  avia-builder-el-first  avia-full-stretch avia-bg-style-scroll av-minimum-height av-minimum-height-25  container_wrap fullsize'  data-section-bg-repeat='stretch' data-av_minimum_height_pc='25'><div class='container av-section-cont-open' ><main  role=\"main\" itemprop=\"mainContentOfPage\"  class='template-page content  av-content-full alpha units'><div class='post-entry post-entry-type-page post-entry-1046'><div class='entry-content-wrapper clearfix'>\n\n<style type=\"text\/css\" data-created_by=\"avia_inline_auto\" id=\"style-css-av-4ebtpi-465c088848f46b7c4a0569c5618ed87d\">\n#top .av-special-heading.av-4ebtpi-465c088848f46b7c4a0569c5618ed87d{\npadding-bottom:3px;\ncolor:#ffffff;\n}\nbody .av-special-heading.av-4ebtpi-465c088848f46b7c4a0569c5618ed87d .av-special-heading-tag .heading-char{\nfont-size:25px;\n}\n.av-special-heading.av-4ebtpi-465c088848f46b7c4a0569c5618ed87d .special-heading-inner-border{\nborder-color:#ffffff;\n}\n.av-special-heading.av-4ebtpi-465c088848f46b7c4a0569c5618ed87d .av-subheading{\nfont-size:15px;\n}\n<\/style>\n<div  class='av-special-heading av-4ebtpi-465c088848f46b7c4a0569c5618ed87d av-special-heading-h2 custom-color-heading blockquote modern-quote modern-centered  avia-builder-el-1  avia-builder-el-no-sibling '><h2 class='av-special-heading-tag'  itemprop=\"headline\"  >\u0422\u0435\u0445\u043d\u0438\u0447\u0435\u0441\u043a\u043e\u0435 \u043e\u0431\u0441\u043b\u0443\u0436\u0438\u0432\u0430\u043d\u0438\u0435, \u0420\u0435\u043c\u043e\u043d\u0442, \u0421\u0435\u0440\u0432\u0438\u0441<\/h2><div class=\"special-heading-border\"><div class=\"special-heading-inner-border\"><\/div><\/div><\/div>\n<\/div><\/div><\/main><!-- close content main element --><\/div><\/div><div id='after_section_1'  class='main_color av_default_container_wrap container_wrap fullsize'  ><div class='container av-section-cont-open' ><div class='template-page content  av-content-full alpha units'><div class='post-entry post-entry-type-page post-entry-1046'><div class='entry-content-wrapper clearfix'>\n<section  class='av_textblock_section av-9y6bq-d968e9a103901dd72750f864eafc721b'  itemscope=\"itemscope\" itemtype=\"https:\/\/schema.org\/CreativeWork\" ><div class='avia_textblock'  itemprop=\"text\" ><p>\u0415\u0441\u043b\u0438 \u0432\u0430\u043c \u043d\u0443\u0436\u043d\u0430 \u043f\u043e\u0434\u0434\u0435\u0440\u0436\u043a\u0430 \u043f\u0440\u0438 \u043c\u043e\u043d\u0442\u0430\u0436\u0435 \u0438\u043b\u0438 \u043e\u0431\u0441\u043b\u0443\u0436\u0438\u0432\u0430\u043d\u0438\u0438 \u043b\u044e\u0431\u043e\u0433\u043e \u043f\u0440\u043e\u0434\u0443\u043a\u0442\u0430 <strong>TYLO, HELO, EOS, WDT, HygroMatik, Pro\u0421onHealth <\/strong>\u0438\u043b\u0438 \u0434\u0440\u0443\u0433\u043e\u0433\u043e \u0421\u041f\u0410 \u043e\u0431\u043e\u0440\u0443\u0434\u043e\u0432\u0430\u043d\u0438\u044f, \u043d\u0430\u0448\u0438 \u0441\u0435\u0440\u0442\u0438\u0444\u0438\u0446\u0438\u0440\u043e\u0432\u0430\u043d\u043d\u044b\u0435 \u0441\u043f\u0435\u0446\u0438\u0430\u043b\u0438\u0441\u0442\u044b \u0433\u043e\u0442\u043e\u0432\u044b \u0434\u0430\u0442\u044c \u0432\u0430\u043c \u043b\u044e\u0431\u044b\u0435 \u043a\u043e\u043d\u0441\u0443\u043b\u044c\u0442\u0430\u0446\u0438\u0438.<\/p>\n<p>\u041d\u0430 \u043d\u0430\u0448\u0435\u043c \u0441\u0430\u0439\u0442\u0435 \u0432\u044b \u043d\u0430\u0439\u0434\u0435\u0442\u0435 \u0438\u043d\u0444\u043e\u0440\u043c\u0430\u0446\u0438\u044e \u0434\u043b\u044f \u0442\u043e\u0433\u043e, \u0447\u0442\u043e \u0431\u044b \u0441\u043f\u0440\u0430\u0432\u0438\u0442\u044c\u0441\u044f \u0441 \u043f\u0440\u043e\u0441\u0442\u043e\u0439 \u043f\u0440\u043e\u0431\u043b\u0435\u043c\u043e\u0439 \u0441\u0430\u043c\u043e\u0441\u0442\u043e\u044f\u0442\u0435\u043b\u044c\u043d\u043e. \u0414\u043b\u044f \u044d\u0442\u043e\u0433\u043e \u043f\u043e\u0441\u0435\u0442\u0438\u0442\u0435 \u0440\u0430\u0437\u0434\u0435\u043b &#8212; <a href=\"https:\/\/www.tylo.lv\/ru\/info\/?v=a7bdee32cb21\"><strong>\u0418\u043d\u0441\u0442\u0440\u0443\u043a\u0446\u0438\u0438-&gt;<\/strong><\/a><\/p>\n<p>\u0415\u0441\u043b\u0438 \u0432\u044b \u043d\u0435 \u043d\u0430\u0448\u043b\u0438 \u043e\u0442\u0432\u0435\u0442, \u043e\u0431\u0440\u0430\u0449\u0430\u0439\u0442\u0435\u0441\u044c \u043a \u043d\u0430\u0448\u0438\u043c \u0441\u043f\u0435\u0446\u0438\u0430\u043b\u0438\u0441\u0442\u0430\u043c. \u041c\u044b \u0441\u0434\u0435\u043b\u0430\u0435\u043c \u044d\u0442\u043e \u0431\u044b\u0441\u0442\u0440\u043e \u0438 \u044d\u0444\u0444\u0435\u043a\u0442\u0438\u0432\u043d\u043e.\u0415\u0441\u043b\u0438 \u043e\u0431\u043e\u0440\u0443\u0434\u043e\u0432\u0430\u043d\u0438\u0435 \u0431\u0443\u0434\u0435\u0442 \u043d\u0443\u0436\u0434\u0430\u0442\u044c\u0441\u044f \u0432 \u0433\u0430\u0440\u0430\u043d\u0442\u0438\u0439\u043d\u043e\u043c \u0438\u043b\u0438 \u043f\u043e\u0441\u043b\u0435\u0433\u0430\u0440\u0430\u043d\u0442\u0438\u0439\u043d\u043e\u043c \u0440\u0435\u043c\u043e\u043d\u0442\u0435, \u043f\u0440\u043e\u0441\u0438\u043c \u043e\u0431\u0440\u0430\u0449\u0430\u0442\u044c\u0441\u044f \u0432 \u0441\u0435\u0440\u0432\u0438\u0441\u043d\u044b\u0439 \u0446\u0435\u043d\u0442\u0440, \u043a\u043e\u0442\u043e\u0440\u044b\u0439 \u043d\u0430\u0445\u043e\u0434\u0438\u0442\u0441\u044f \u043f\u043e \u0430\u0434\u0440\u0435\u0441\u0443: Br\u012bv\u012bbas gatve 211, R\u012bga.<\/p>\n<p><strong>\u0413\u0430\u0440\u0430\u043d\u0442\u0438\u044f<\/strong><br \/>\n\u041d\u0430 \u0432\u0441\u0451 \u043e\u0431\u043e\u0440\u0443\u0434\u043e\u0432\u0430\u043d\u0438\u0435 \u043f\u0440\u0435\u0434\u043e\u0441\u0442\u0430\u0432\u043b\u044f\u0435\u0442\u0441\u044f \u0433\u0430\u0440\u0430\u043d\u0442\u0438\u044f 2 \u0433\u043e\u0434\u0430*.<br \/>\n*\u043f\u0440\u0438 \u0437\u0430\u043a\u043b\u044e\u0447\u0435\u043d\u0438\u0438 \u0434\u043e\u0433\u043e\u0432\u043e\u0440\u0430 \u043d\u0430 \u0442\u0435\u0445\u043d\u0438\u0447\u0435\u0441\u043a\u043e\u0435 \u043e\u0431\u0441\u043b\u0443\u0436\u0438\u0432\u0430\u043d\u0438\u0435 \u0438 \u043f\u0440\u0438 \u0432\u044b\u043f\u043e\u043b\u043d\u0435\u043d\u0438\u0438 \u0443\u0441\u043b\u043e\u0432\u0438\u0439 \u044d\u043a\u0441\u043f\u043b\u0443\u0430\u0442\u0430\u0446\u0438\u0438, \u0441\u0440\u043e\u043a \u0433\u0430\u0440\u0430\u043d\u0442\u0438\u0438 \u0443\u0432\u0435\u043b\u0438\u0447\u0438\u0432\u0430\u0435\u0442\u0441\u044f \u0434\u043e 5 \u043b\u0435\u0442 \u0434\u043b\u044f \u0447\u0430\u0441\u0442\u043d\u043e\u0433\u043e \u0438 \u043a\u043e\u043c\u043c\u0435\u0440\u0447\u0435\u0441\u043a\u043e\u0433\u043e \u0438\u0441\u043f\u043e\u043b\u044c\u0437\u043e\u0432\u0430\u043d\u0438\u044f.<\/p>\n<\/div><\/section>\n","protected":false},"excerpt":{"rendered":"","protected":false},"author":1,"featured_media":0,"parent":0,"menu_order":40,"comment_status":"closed","ping_status":"closed","template":"","meta":{"footnotes":""},"class_list":["post-1046","page","type-page","status-publish","hentry"],"_links":{"self":[{"href":"https:\/\/www.tylo.lv\/ru\/wp-json\/wp\/v2\/pages\/1046","targetHints":{"allow":["GET"]}}],"collection":[{"href":"https:\/\/www.tylo.lv\/ru\/wp-json\/wp\/v2\/pages"}],"about":[{"href":"https:\/\/www.tylo.lv\/ru\/wp-json\/wp\/v2\/types\/page"}],"author":[{"embeddable":true,"href":"https:\/\/www.tylo.lv\/ru\/wp-json\/wp\/v2\/users\/1"}],"replies":[{"embeddable":true,"href":"https:\/\/www.tylo.lv\/ru\/wp-json\/wp\/v2\/comments?post=1046"}],"version-history":[{"count":0,"href":"https:\/\/www.tylo.lv\/ru\/wp-json\/wp\/v2\/pages\/1046\/revisions"}],"wp:attachment":[{"href":"https:\/\/www.tylo.lv\/ru\/wp-json\/wp\/v2\/media?parent=1046"}],"curies":[{"name":"wp","href":"https:\/\/api.w.org\/{rel}","templated":true}]}}